{"id":4889,"date":"2019-10-08T07:48:57","date_gmt":"2019-10-08T07:48:57","guid":{"rendered":"https:\/\/www.dproyectos.es\/projects\/"},"modified":"2023-07-20T16:50:05","modified_gmt":"2023-07-20T16:50:05","slug":"projects","status":"publish","type":"page","link":"https:\/\/www.dproyectos.es\/en\/projects\/","title":{"rendered":"Projects"},"content":{"rendered":"\t\t<div data-elementor-type=\"wp-page\" data-elementor-id=\"4889\" class=\"elementor elementor-4889 elementor-2748\" data-elementor-post-type=\"page\">\n\t\t\t\t\t\t<section class=\"elementor-section elementor-top-section elementor-element elementor-element-ceabebe elementor-section-boxed elementor-section-height-default elementor-section-height-default\" data-id=\"ceabebe\" data-element_type=\"section\">\n\t\t\t\t\t\t<div class=\"elementor-container elementor-column-gap-default\">\n\t\t\t\t\t<div class=\"elementor-column elementor-col-100 elementor-top-column elementor-element elementor-element-2f7871f\" data-id=\"2f7871f\" data-element_type=\"column\">\n\t\t\t<div class=\"elementor-widget-wrap elementor-element-populated\">\n\t\t\t\t\t\t<div class=\"elementor-element elementor-element-023075c elementor-widget-divider--view-line elementor-widget elementor-widget-divider\" data-id=\"023075c\" data-element_type=\"widget\" data-widget_type=\"divider.default\">\n\t\t\t\t<div class=\"elementor-widget-container\">\n\t\t\t\t\t\t\t<div class=\"elementor-divider\">\n\t\t\t<span class=\"elementor-divider-separator\">\n\t\t\t\t\t\t<\/span>\n\t\t<\/div>\n\t\t\t\t\t\t<\/div>\n\t\t\t\t<\/div>\n\t\t\t\t<div class=\"elementor-element elementor-element-da7c969 elementor-widget elementor-widget-heading\" data-id=\"da7c969\" data-element_type=\"widget\" data-widget_type=\"heading.default\">\n\t\t\t\t<div class=\"elementor-widget-container\">\n\t\t\t\t\t<h2 class=\"elementor-heading-title elementor-size-default\">Accomplished Projects<\/h2>\t\t\t\t<\/div>\n\t\t\t\t<\/div>\n\t\t\t\t<div class=\"elementor-element elementor-element-c3916d1 elementor-widget__width-initial elementor-widget elementor-widget-text-editor\" data-id=\"c3916d1\" data-element_type=\"widget\" data-widget_type=\"text-editor.default\">\n\t\t\t\t<div class=\"elementor-widget-container\">\n\t\t\t\t\t\t\t\t\t<p style=\"text-align: center;\"><span style=\"color: #000000;\">See some of the architecture and construction projects that we have accomplished, guaranteeing our professionalism, quality, and transparency.<\/span><\/p>\n\t\t\t\t\t\t\t\t<\/div>\n\t\t\t\t<\/div>\n\t\t\t\t\t<\/div>\n\t\t<\/div>\n\t\t\t\t\t<\/div>\n\t\t<\/section>\n\t\t\t\t<\/div>\n\t\t","protected":false},"excerpt":{"rendered":"<p>Accomplished Projects See some of the architecture and construction projects that we have accomplished, guaranteeing our professionalism, quality, and transparency. Properties Restoration for Housing Avda. 4 de diciembre de 1977, C\u00e1diz. View More Property Restoration for Tourist Apartments Plaza Candelaria, C\u00e1diz View More Property Restoration for Boutique Hotel Calle C\u00e1novas, C\u00e1diz View More Properties Restoration&hellip; <a class=\"continue\" href=\"https:\/\/www.dproyectos.es\/en\/projects\/\">Leer m\u00e1s<span> Projects<\/span><\/a><\/p>\n","protected":false},"author":1,"featured_media":0,"parent":0,"menu_order":0,"comment_status":"closed","ping_status":"closed","template":"elementor_header_footer","meta":{"_monsterinsights_skip_tracking":false,"_monsterinsights_sitenote_active":false,"_monsterinsights_sitenote_note":"","_monsterinsights_sitenote_category":0,"footnotes":""},"class_list":["post-4889","page","type-page","status-publish","hentry","no-thumb"],"yoast_head":"<!-- This site is optimized with the Yoast SEO plugin v26.8 - https:\/\/yoast.com\/product\/yoast-seo-wordpress\/ -->\n<title>Projects Arquitectura y Construcci\u00f3n - D Proyectos<\/title>\n<meta name=\"description\" content=\"Project portfolio, where you will find a variety of outstanding works that reflect our passion for excellence and innovation.\" \/>\n<meta name=\"robots\" content=\"index, follow, max-snippet:-1, max-image-preview:large, max-video-preview:-1\" \/>\n<link rel=\"canonical\" href=\"https:\/\/www.dproyectos.es\/projects\/\" \/>\n<meta property=\"og:locale\" content=\"en_US\" \/>\n<meta property=\"og:type\" content=\"article\" \/>\n<meta property=\"og:title\" content=\"Projects Arquitectura y Construcci\u00f3n - D Proyectos\" \/>\n<meta property=\"og:description\" content=\"Project portfolio, where you will find a variety of outstanding works that reflect our passion for excellence and innovation.\" \/>\n<meta property=\"og:url\" content=\"https:\/\/www.dproyectos.es\/projects\/\" \/>\n<meta property=\"og:site_name\" content=\"Proyectos Arquitectura\" \/>\n<meta property=\"article:modified_time\" content=\"2023-07-20T16:50:05+00:00\" \/>\n<meta property=\"og:image\" content=\"https:\/\/www.dproyectos.es\/wp-content\/uploads\/2023\/02\/Vivienda-Familiar-Avda-4-de-Diciembre-064.jpg\" \/>\n<meta name=\"twitter:card\" content=\"summary_large_image\" \/>\n<meta name=\"twitter:label1\" content=\"Est. reading time\" \/>\n\t<meta name=\"twitter:data1\" content=\"1 minute\" \/>\n<script type=\"application\/ld+json\" class=\"yoast-schema-graph\">{\"@context\":\"https:\/\/schema.org\",\"@graph\":[{\"@type\":\"WebPage\",\"@id\":\"https:\/\/www.dproyectos.es\/projects\/\",\"url\":\"https:\/\/www.dproyectos.es\/projects\/\",\"name\":\"Projects Arquitectura y Construcci\u00f3n - D Proyectos\",\"isPartOf\":{\"@id\":\"https:\/\/www.dproyectos.es\/#website\"},\"primaryImageOfPage\":{\"@id\":\"https:\/\/www.dproyectos.es\/projects\/#primaryimage\"},\"image\":{\"@id\":\"https:\/\/www.dproyectos.es\/projects\/#primaryimage\"},\"thumbnailUrl\":\"https:\/\/www.dproyectos.es\/wp-content\/uploads\/2023\/02\/Vivienda-Familiar-Avda-4-de-Diciembre-064.jpg\",\"datePublished\":\"2019-10-08T07:48:57+00:00\",\"dateModified\":\"2023-07-20T16:50:05+00:00\",\"description\":\"Project portfolio, where you will find a variety of outstanding works that reflect our passion for excellence and innovation.\",\"breadcrumb\":{\"@id\":\"https:\/\/www.dproyectos.es\/projects\/#breadcrumb\"},\"inLanguage\":\"en-US\",\"potentialAction\":[{\"@type\":\"ReadAction\",\"target\":[\"https:\/\/www.dproyectos.es\/projects\/\"]}]},{\"@type\":\"ImageObject\",\"inLanguage\":\"en-US\",\"@id\":\"https:\/\/www.dproyectos.es\/projects\/#primaryimage\",\"url\":\"https:\/\/www.dproyectos.es\/wp-content\/uploads\/2023\/02\/Vivienda-Familiar-Avda-4-de-Diciembre-064.jpg\",\"contentUrl\":\"https:\/\/www.dproyectos.es\/wp-content\/uploads\/2023\/02\/Vivienda-Familiar-Avda-4-de-Diciembre-064.jpg\"},{\"@type\":\"BreadcrumbList\",\"@id\":\"https:\/\/www.dproyectos.es\/projects\/#breadcrumb\",\"itemListElement\":[{\"@type\":\"ListItem\",\"position\":1,\"name\":\"Portada\",\"item\":\"https:\/\/www.dproyectos.es\/en\/\"},{\"@type\":\"ListItem\",\"position\":2,\"name\":\"Projects\"}]},{\"@type\":\"WebSite\",\"@id\":\"https:\/\/www.dproyectos.es\/#website\",\"url\":\"https:\/\/www.dproyectos.es\/\",\"name\":\"Proyectos Arquitectura\",\"description\":\"\",\"publisher\":{\"@id\":\"https:\/\/www.dproyectos.es\/#organization\"},\"potentialAction\":[{\"@type\":\"SearchAction\",\"target\":{\"@type\":\"EntryPoint\",\"urlTemplate\":\"https:\/\/www.dproyectos.es\/?s={search_term_string}\"},\"query-input\":{\"@type\":\"PropertyValueSpecification\",\"valueRequired\":true,\"valueName\":\"search_term_string\"}}],\"inLanguage\":\"en-US\"},{\"@type\":\"Organization\",\"@id\":\"https:\/\/www.dproyectos.es\/#organization\",\"name\":\"Proyectos Arquitectura\",\"url\":\"https:\/\/www.dproyectos.es\/\",\"logo\":{\"@type\":\"ImageObject\",\"inLanguage\":\"en-US\",\"@id\":\"https:\/\/www.dproyectos.es\/#\/schema\/logo\/image\/\",\"url\":\"https:\/\/www.dproyectos.es\/wp-content\/uploads\/2023\/02\/DPROYECTOS-ARQUITECTURA-LOGO-BLANCO.png\",\"contentUrl\":\"https:\/\/www.dproyectos.es\/wp-content\/uploads\/2023\/02\/DPROYECTOS-ARQUITECTURA-LOGO-BLANCO.png\",\"width\":156,\"height\":55,\"caption\":\"Proyectos Arquitectura\"},\"image\":{\"@id\":\"https:\/\/www.dproyectos.es\/#\/schema\/logo\/image\/\"}}]}<\/script>\n<!-- \/ Yoast SEO plugin. -->","yoast_head_json":{"title":"Projects Arquitectura y Construcci\u00f3n - D Proyectos","description":"Project portfolio, where you will find a variety of outstanding works that reflect our passion for excellence and innovation.","robots":{"index":"index","follow":"follow","max-snippet":"max-snippet:-1","max-image-preview":"max-image-preview:large","max-video-preview":"max-video-preview:-1"},"canonical":"https:\/\/www.dproyectos.es\/projects\/","og_locale":"en_US","og_type":"article","og_title":"Projects Arquitectura y Construcci\u00f3n - D Proyectos","og_description":"Project portfolio, where you will find a variety of outstanding works that reflect our passion for excellence and innovation.","og_url":"https:\/\/www.dproyectos.es\/projects\/","og_site_name":"Proyectos Arquitectura","article_modified_time":"2023-07-20T16:50:05+00:00","og_image":[{"url":"https:\/\/www.dproyectos.es\/wp-content\/uploads\/2023\/02\/Vivienda-Familiar-Avda-4-de-Diciembre-064.jpg","type":"","width":"","height":""}],"twitter_card":"summary_large_image","twitter_misc":{"Est. reading time":"1 minute"},"schema":{"@context":"https:\/\/schema.org","@graph":[{"@type":"WebPage","@id":"https:\/\/www.dproyectos.es\/projects\/","url":"https:\/\/www.dproyectos.es\/projects\/","name":"Projects Arquitectura y Construcci\u00f3n - D Proyectos","isPartOf":{"@id":"https:\/\/www.dproyectos.es\/#website"},"primaryImageOfPage":{"@id":"https:\/\/www.dproyectos.es\/projects\/#primaryimage"},"image":{"@id":"https:\/\/www.dproyectos.es\/projects\/#primaryimage"},"thumbnailUrl":"https:\/\/www.dproyectos.es\/wp-content\/uploads\/2023\/02\/Vivienda-Familiar-Avda-4-de-Diciembre-064.jpg","datePublished":"2019-10-08T07:48:57+00:00","dateModified":"2023-07-20T16:50:05+00:00","description":"Project portfolio, where you will find a variety of outstanding works that reflect our passion for excellence and innovation.","breadcrumb":{"@id":"https:\/\/www.dproyectos.es\/projects\/#breadcrumb"},"inLanguage":"en-US","potentialAction":[{"@type":"ReadAction","target":["https:\/\/www.dproyectos.es\/projects\/"]}]},{"@type":"ImageObject","inLanguage":"en-US","@id":"https:\/\/www.dproyectos.es\/projects\/#primaryimage","url":"https:\/\/www.dproyectos.es\/wp-content\/uploads\/2023\/02\/Vivienda-Familiar-Avda-4-de-Diciembre-064.jpg","contentUrl":"https:\/\/www.dproyectos.es\/wp-content\/uploads\/2023\/02\/Vivienda-Familiar-Avda-4-de-Diciembre-064.jpg"},{"@type":"BreadcrumbList","@id":"https:\/\/www.dproyectos.es\/projects\/#breadcrumb","itemListElement":[{"@type":"ListItem","position":1,"name":"Portada","item":"https:\/\/www.dproyectos.es\/en\/"},{"@type":"ListItem","position":2,"name":"Projects"}]},{"@type":"WebSite","@id":"https:\/\/www.dproyectos.es\/#website","url":"https:\/\/www.dproyectos.es\/","name":"Proyectos Arquitectura","description":"","publisher":{"@id":"https:\/\/www.dproyectos.es\/#organization"},"potentialAction":[{"@type":"SearchAction","target":{"@type":"EntryPoint","urlTemplate":"https:\/\/www.dproyectos.es\/?s={search_term_string}"},"query-input":{"@type":"PropertyValueSpecification","valueRequired":true,"valueName":"search_term_string"}}],"inLanguage":"en-US"},{"@type":"Organization","@id":"https:\/\/www.dproyectos.es\/#organization","name":"Proyectos Arquitectura","url":"https:\/\/www.dproyectos.es\/","logo":{"@type":"ImageObject","inLanguage":"en-US","@id":"https:\/\/www.dproyectos.es\/#\/schema\/logo\/image\/","url":"https:\/\/www.dproyectos.es\/wp-content\/uploads\/2023\/02\/DPROYECTOS-ARQUITECTURA-LOGO-BLANCO.png","contentUrl":"https:\/\/www.dproyectos.es\/wp-content\/uploads\/2023\/02\/DPROYECTOS-ARQUITECTURA-LOGO-BLANCO.png","width":156,"height":55,"caption":"Proyectos Arquitectura"},"image":{"@id":"https:\/\/www.dproyectos.es\/#\/schema\/logo\/image\/"}}]}},"_links":{"self":[{"href":"https:\/\/www.dproyectos.es\/en\/wp-json\/wp\/v2\/pages\/4889","targetHints":{"allow":["GET"]}}],"collection":[{"href":"https:\/\/www.dproyectos.es\/en\/wp-json\/wp\/v2\/pages"}],"about":[{"href":"https:\/\/www.dproyectos.es\/en\/wp-json\/wp\/v2\/types\/page"}],"author":[{"embeddable":true,"href":"https:\/\/www.dproyectos.es\/en\/wp-json\/wp\/v2\/users\/1"}],"replies":[{"embeddable":true,"href":"https:\/\/www.dproyectos.es\/en\/wp-json\/wp\/v2\/comments?post=4889"}],"version-history":[{"count":3,"href":"https:\/\/www.dproyectos.es\/en\/wp-json\/wp\/v2\/pages\/4889\/revisions"}],"predecessor-version":[{"id":4938,"href":"https:\/\/www.dproyectos.es\/en\/wp-json\/wp\/v2\/pages\/4889\/revisions\/4938"}],"wp:attachment":[{"href":"https:\/\/www.dproyectos.es\/en\/wp-json\/wp\/v2\/media?parent=4889"}],"curies":[{"name":"wp","href":"https:\/\/api.w.org\/{rel}","templated":true}]}}