{"id":4907,"date":"2023-06-15T16:13:34","date_gmt":"2023-06-15T16:13:34","guid":{"rendered":"https:\/\/www.dproyectos.es\/projects\/la-linea-stadium\/"},"modified":"2023-07-20T15:29:52","modified_gmt":"2023-07-20T15:29:52","slug":"la-linea-stadium","status":"publish","type":"page","link":"https:\/\/www.dproyectos.es\/en\/projects\/la-linea-stadium\/","title":{"rendered":"La L\u00ednea Stadium"},"content":{"rendered":"\t\t<div data-elementor-type=\"wp-page\" data-elementor-id=\"4907\" class=\"elementor elementor-4907 elementor-3979\" data-elementor-post-type=\"page\">\n\t\t\t\t\t\t<section class=\"elementor-section elementor-top-section elementor-element elementor-element-42006207 elementor-section-boxed elementor-section-height-default elementor-section-height-default\" data-id=\"42006207\" data-element_type=\"section\">\n\t\t\t\t\t\t<div class=\"elementor-container elementor-column-gap-default\">\n\t\t\t\t\t<div class=\"elementor-column elementor-col-100 elementor-top-column elementor-element elementor-element-67852e98\" data-id=\"67852e98\" data-element_type=\"column\">\n\t\t\t<div class=\"elementor-widget-wrap elementor-element-populated\">\n\t\t\t\t\t\t<div class=\"elementor-element elementor-element-26538ef4 elementor-widget elementor-widget-spacer\" data-id=\"26538ef4\" data-element_type=\"widget\" data-widget_type=\"spacer.default\">\n\t\t\t\t<div class=\"elementor-widget-container\">\n\t\t\t\t\t\t\t<div class=\"elementor-spacer\">\n\t\t\t<div class=\"elementor-spacer-inner\"><\/div>\n\t\t<\/div>\n\t\t\t\t\t\t<\/div>\n\t\t\t\t<\/div>\n\t\t\t\t\t<\/div>\n\t\t<\/div>\n\t\t\t\t\t<\/div>\n\t\t<\/section>\n\t\t\t\t<section class=\"elementor-section elementor-top-section elementor-element elementor-element-194e3f99 elementor-section-boxed elementor-section-height-default elementor-section-height-default\" data-id=\"194e3f99\" data-element_type=\"section\">\n\t\t\t\t\t\t<div class=\"elementor-container elementor-column-gap-default\">\n\t\t\t\t\t<div class=\"elementor-column elementor-col-100 elementor-top-column elementor-element elementor-element-fdfe50\" data-id=\"fdfe50\" data-element_type=\"column\">\n\t\t\t<div class=\"elementor-widget-wrap\">\n\t\t\t\t\t\t\t<\/div>\n\t\t<\/div>\n\t\t\t\t\t<\/div>\n\t\t<\/section>\n\t\t\t\t<section class=\"elementor-section elementor-top-section elementor-element elementor-element-1c8fecee elementor-section-boxed elementor-section-height-default elementor-section-height-default\" data-id=\"1c8fecee\" data-element_type=\"section\">\n\t\t\t\t\t\t<div class=\"elementor-container elementor-column-gap-default\">\n\t\t\t\t\t<div class=\"elementor-column elementor-col-20 elementor-top-column elementor-element elementor-element-398cb62a\" data-id=\"398cb62a\" data-element_type=\"column\">\n\t\t\t<div class=\"elementor-widget-wrap elementor-element-populated\">\n\t\t\t\t\t\t<div class=\"elementor-element elementor-element-7cc1c081 elementor-widget elementor-widget-heading\" data-id=\"7cc1c081\" data-element_type=\"widget\" data-widget_type=\"heading.default\">\n\t\t\t\t<div class=\"elementor-widget-container\">\n\t\t\t\t\t<h4 class=\"elementor-heading-title elementor-size-default\">Description<\/h4>\t\t\t\t<\/div>\n\t\t\t\t<\/div>\n\t\t\t\t<div class=\"elementor-element elementor-element-52a41e5a elementor-widget elementor-widget-text-editor\" data-id=\"52a41e5a\" data-element_type=\"widget\" data-widget_type=\"text-editor.default\">\n\t\t\t\t<div class=\"elementor-widget-container\">\n\t\t\t\t\t\t\t\t\t<p><span style=\"color: #000000;\">La L\u00ednea Stadium<\/span><\/p>\n\t\t\t\t\t\t\t\t<\/div>\n\t\t\t\t<\/div>\n\t\t\t\t\t<\/div>\n\t\t<\/div>\n\t\t\t\t<div class=\"elementor-column elementor-col-20 elementor-top-column elementor-element elementor-element-798d9782\" data-id=\"798d9782\" data-element_type=\"column\">\n\t\t\t<div class=\"elementor-widget-wrap\">\n\t\t\t\t\t\t\t<\/div>\n\t\t<\/div>\n\t\t\t\t<div class=\"elementor-column elementor-col-20 elementor-top-column elementor-element elementor-element-3468b06a\" data-id=\"3468b06a\" data-element_type=\"column\">\n\t\t\t<div class=\"elementor-widget-wrap\">\n\t\t\t\t\t\t\t<\/div>\n\t\t<\/div>\n\t\t\t\t<div class=\"elementor-column elementor-col-20 elementor-top-column elementor-element elementor-element-131e699d\" data-id=\"131e699d\" data-element_type=\"column\">\n\t\t\t<div class=\"elementor-widget-wrap\">\n\t\t\t\t\t\t\t<\/div>\n\t\t<\/div>\n\t\t\t\t<div class=\"elementor-column elementor-col-20 elementor-top-column elementor-element elementor-element-6c0c6479\" data-id=\"6c0c6479\" data-element_type=\"column\">\n\t\t\t<div class=\"elementor-widget-wrap elementor-element-populated\">\n\t\t\t\t\t\t<div class=\"elementor-element elementor-element-2a82a202 elementor-widget elementor-widget-heading\" data-id=\"2a82a202\" data-element_type=\"widget\" data-widget_type=\"heading.default\">\n\t\t\t\t<div class=\"elementor-widget-container\">\n\t\t\t\t\t<h4 class=\"elementor-heading-title elementor-size-default\">Details<\/h4>\t\t\t\t<\/div>\n\t\t\t\t<\/div>\n\t\t\t\t<div class=\"elementor-element elementor-element-779217a elementor-widget elementor-widget-text-editor\" data-id=\"779217a\" data-element_type=\"widget\" data-widget_type=\"text-editor.default\">\n\t\t\t\t<div class=\"elementor-widget-container\">\n\t\t\t\t\t\t\t\t\t<p><span style=\"color: #000000;\">Location: La L\u00ednea de la Concepci\u00f3n, C\u00e1diz<\/span><\/p>\n\t\t\t\t\t\t\t\t<\/div>\n\t\t\t\t<\/div>\n\t\t\t\t\t<\/div>\n\t\t<\/div>\n\t\t\t\t\t<\/div>\n\t\t<\/section>\n\t\t\t\t<section class=\"elementor-section elementor-top-section elementor-element elementor-element-cf37fdb elementor-section-boxed elementor-section-height-default elementor-section-height-default\" data-id=\"cf37fdb\" data-element_type=\"section\">\n\t\t\t\t\t\t<div class=\"elementor-container elementor-column-gap-default\">\n\t\t\t\t\t<div class=\"elementor-column elementor-col-100 elementor-top-column elementor-element elementor-element-2d67cf78\" data-id=\"2d67cf78\" data-element_type=\"column\">\n\t\t\t<div class=\"elementor-widget-wrap elementor-element-populated\">\n\t\t\t\t\t\t<div class=\"elementor-element elementor-element-184a353b elementor-widget elementor-widget-spacer\" data-id=\"184a353b\" data-element_type=\"widget\" data-widget_type=\"spacer.default\">\n\t\t\t\t<div class=\"elementor-widget-container\">\n\t\t\t\t\t\t\t<div class=\"elementor-spacer\">\n\t\t\t<div class=\"elementor-spacer-inner\"><\/div>\n\t\t<\/div>\n\t\t\t\t\t\t<\/div>\n\t\t\t\t<\/div>\n\t\t\t\t\t<\/div>\n\t\t<\/div>\n\t\t\t\t\t<\/div>\n\t\t<\/section>\n\t\t\t\t<\/div>\n\t\t","protected":false},"excerpt":{"rendered":"<p>Description La L\u00ednea Stadium Details Location: La L\u00ednea de la Concepci\u00f3n, C\u00e1diz<\/p>\n","protected":false},"author":1,"featured_media":0,"parent":4889,"menu_order":0,"comment_status":"closed","ping_status":"closed","template":"elementor_header_footer","meta":{"_monsterinsights_skip_tracking":false,"_monsterinsights_sitenote_active":false,"_monsterinsights_sitenote_note":"","_monsterinsights_sitenote_category":0,"footnotes":""},"class_list":["post-4907","page","type-page","status-publish","hentry","no-thumb"],"yoast_head":"<!-- This site is optimized with the Yoast SEO plugin v26.8 - https:\/\/yoast.com\/product\/yoast-seo-wordpress\/ -->\n<title>La L\u00ednea Stadium - Proyectos Arquitectura<\/title>\n<meta name=\"description\" content=\"Stadium Architecture. Discover an impressive sports project that combines avant-garde design and functionality.\" \/>\n<meta name=\"robots\" content=\"index, follow, max-snippet:-1, max-image-preview:large, max-video-preview:-1\" \/>\n<link rel=\"canonical\" href=\"https:\/\/www.dproyectos.es\/projects\/estadio-de-la-linea\/\" \/>\n<meta property=\"og:locale\" content=\"en_US\" \/>\n<meta property=\"og:type\" content=\"article\" \/>\n<meta property=\"og:title\" content=\"La L\u00ednea Stadium - Proyectos Arquitectura\" \/>\n<meta property=\"og:description\" content=\"Stadium Architecture. Discover an impressive sports project that combines avant-garde design and functionality.\" \/>\n<meta property=\"og:url\" content=\"https:\/\/www.dproyectos.es\/projects\/estadio-de-la-linea\/\" \/>\n<meta property=\"og:site_name\" content=\"Proyectos Arquitectura\" \/>\n<meta property=\"article:modified_time\" content=\"2023-07-20T15:29:52+00:00\" \/>\n<meta property=\"og:image\" content=\"https:\/\/www.dproyectos.es\/wp-content\/uploads\/2023\/06\/estadio-1.jpg\" \/>\n<meta name=\"twitter:card\" content=\"summary_large_image\" \/>\n<script type=\"application\/ld+json\" class=\"yoast-schema-graph\">{\"@context\":\"https:\/\/schema.org\",\"@graph\":[{\"@type\":\"WebPage\",\"@id\":\"https:\/\/www.dproyectos.es\/projects\/estadio-de-la-linea\/\",\"url\":\"https:\/\/www.dproyectos.es\/projects\/estadio-de-la-linea\/\",\"name\":\"La L\u00ednea Stadium - Proyectos Arquitectura\",\"isPartOf\":{\"@id\":\"https:\/\/www.dproyectos.es\/#website\"},\"primaryImageOfPage\":{\"@id\":\"https:\/\/www.dproyectos.es\/projects\/estadio-de-la-linea\/#primaryimage\"},\"image\":{\"@id\":\"https:\/\/www.dproyectos.es\/projects\/estadio-de-la-linea\/#primaryimage\"},\"thumbnailUrl\":\"https:\/\/www.dproyectos.es\/wp-content\/uploads\/2023\/06\/estadio-1.jpg\",\"datePublished\":\"2023-06-15T16:13:34+00:00\",\"dateModified\":\"2023-07-20T15:29:52+00:00\",\"description\":\"Stadium Architecture. Discover an impressive sports project that combines avant-garde design and functionality.\",\"breadcrumb\":{\"@id\":\"https:\/\/www.dproyectos.es\/projects\/estadio-de-la-linea\/#breadcrumb\"},\"inLanguage\":\"en-US\",\"potentialAction\":[{\"@type\":\"ReadAction\",\"target\":[\"https:\/\/www.dproyectos.es\/projects\/estadio-de-la-linea\/\"]}]},{\"@type\":\"ImageObject\",\"inLanguage\":\"en-US\",\"@id\":\"https:\/\/www.dproyectos.es\/projects\/estadio-de-la-linea\/#primaryimage\",\"url\":\"https:\/\/www.dproyectos.es\/wp-content\/uploads\/2023\/06\/estadio-1.jpg\",\"contentUrl\":\"https:\/\/www.dproyectos.es\/wp-content\/uploads\/2023\/06\/estadio-1.jpg\"},{\"@type\":\"BreadcrumbList\",\"@id\":\"https:\/\/www.dproyectos.es\/projects\/estadio-de-la-linea\/#breadcrumb\",\"itemListElement\":[{\"@type\":\"ListItem\",\"position\":1,\"name\":\"Portada\",\"item\":\"https:\/\/www.dproyectos.es\/en\/\"},{\"@type\":\"ListItem\",\"position\":2,\"name\":\"Projects\",\"item\":\"https:\/\/www.dproyectos.es\/projects\/\"},{\"@type\":\"ListItem\",\"position\":3,\"name\":\"La L\u00ednea Stadium\"}]},{\"@type\":\"WebSite\",\"@id\":\"https:\/\/www.dproyectos.es\/#website\",\"url\":\"https:\/\/www.dproyectos.es\/\",\"name\":\"Proyectos Arquitectura\",\"description\":\"\",\"publisher\":{\"@id\":\"https:\/\/www.dproyectos.es\/#organization\"},\"potentialAction\":[{\"@type\":\"SearchAction\",\"target\":{\"@type\":\"EntryPoint\",\"urlTemplate\":\"https:\/\/www.dproyectos.es\/?s={search_term_string}\"},\"query-input\":{\"@type\":\"PropertyValueSpecification\",\"valueRequired\":true,\"valueName\":\"search_term_string\"}}],\"inLanguage\":\"en-US\"},{\"@type\":\"Organization\",\"@id\":\"https:\/\/www.dproyectos.es\/#organization\",\"name\":\"Proyectos Arquitectura\",\"url\":\"https:\/\/www.dproyectos.es\/\",\"logo\":{\"@type\":\"ImageObject\",\"inLanguage\":\"en-US\",\"@id\":\"https:\/\/www.dproyectos.es\/#\/schema\/logo\/image\/\",\"url\":\"https:\/\/www.dproyectos.es\/wp-content\/uploads\/2023\/02\/DPROYECTOS-ARQUITECTURA-LOGO-BLANCO.png\",\"contentUrl\":\"https:\/\/www.dproyectos.es\/wp-content\/uploads\/2023\/02\/DPROYECTOS-ARQUITECTURA-LOGO-BLANCO.png\",\"width\":156,\"height\":55,\"caption\":\"Proyectos Arquitectura\"},\"image\":{\"@id\":\"https:\/\/www.dproyectos.es\/#\/schema\/logo\/image\/\"}}]}<\/script>\n<!-- \/ Yoast SEO plugin. -->","yoast_head_json":{"title":"La L\u00ednea Stadium - Proyectos Arquitectura","description":"Stadium Architecture. Discover an impressive sports project that combines avant-garde design and functionality.","robots":{"index":"index","follow":"follow","max-snippet":"max-snippet:-1","max-image-preview":"max-image-preview:large","max-video-preview":"max-video-preview:-1"},"canonical":"https:\/\/www.dproyectos.es\/projects\/estadio-de-la-linea\/","og_locale":"en_US","og_type":"article","og_title":"La L\u00ednea Stadium - Proyectos Arquitectura","og_description":"Stadium Architecture. Discover an impressive sports project that combines avant-garde design and functionality.","og_url":"https:\/\/www.dproyectos.es\/projects\/estadio-de-la-linea\/","og_site_name":"Proyectos Arquitectura","article_modified_time":"2023-07-20T15:29:52+00:00","og_image":[{"url":"https:\/\/www.dproyectos.es\/wp-content\/uploads\/2023\/06\/estadio-1.jpg","type":"","width":"","height":""}],"twitter_card":"summary_large_image","schema":{"@context":"https:\/\/schema.org","@graph":[{"@type":"WebPage","@id":"https:\/\/www.dproyectos.es\/projects\/estadio-de-la-linea\/","url":"https:\/\/www.dproyectos.es\/projects\/estadio-de-la-linea\/","name":"La L\u00ednea Stadium - Proyectos Arquitectura","isPartOf":{"@id":"https:\/\/www.dproyectos.es\/#website"},"primaryImageOfPage":{"@id":"https:\/\/www.dproyectos.es\/projects\/estadio-de-la-linea\/#primaryimage"},"image":{"@id":"https:\/\/www.dproyectos.es\/projects\/estadio-de-la-linea\/#primaryimage"},"thumbnailUrl":"https:\/\/www.dproyectos.es\/wp-content\/uploads\/2023\/06\/estadio-1.jpg","datePublished":"2023-06-15T16:13:34+00:00","dateModified":"2023-07-20T15:29:52+00:00","description":"Stadium Architecture. Discover an impressive sports project that combines avant-garde design and functionality.","breadcrumb":{"@id":"https:\/\/www.dproyectos.es\/projects\/estadio-de-la-linea\/#breadcrumb"},"inLanguage":"en-US","potentialAction":[{"@type":"ReadAction","target":["https:\/\/www.dproyectos.es\/projects\/estadio-de-la-linea\/"]}]},{"@type":"ImageObject","inLanguage":"en-US","@id":"https:\/\/www.dproyectos.es\/projects\/estadio-de-la-linea\/#primaryimage","url":"https:\/\/www.dproyectos.es\/wp-content\/uploads\/2023\/06\/estadio-1.jpg","contentUrl":"https:\/\/www.dproyectos.es\/wp-content\/uploads\/2023\/06\/estadio-1.jpg"},{"@type":"BreadcrumbList","@id":"https:\/\/www.dproyectos.es\/projects\/estadio-de-la-linea\/#breadcrumb","itemListElement":[{"@type":"ListItem","position":1,"name":"Portada","item":"https:\/\/www.dproyectos.es\/en\/"},{"@type":"ListItem","position":2,"name":"Projects","item":"https:\/\/www.dproyectos.es\/projects\/"},{"@type":"ListItem","position":3,"name":"La L\u00ednea Stadium"}]},{"@type":"WebSite","@id":"https:\/\/www.dproyectos.es\/#website","url":"https:\/\/www.dproyectos.es\/","name":"Proyectos Arquitectura","description":"","publisher":{"@id":"https:\/\/www.dproyectos.es\/#organization"},"potentialAction":[{"@type":"SearchAction","target":{"@type":"EntryPoint","urlTemplate":"https:\/\/www.dproyectos.es\/?s={search_term_string}"},"query-input":{"@type":"PropertyValueSpecification","valueRequired":true,"valueName":"search_term_string"}}],"inLanguage":"en-US"},{"@type":"Organization","@id":"https:\/\/www.dproyectos.es\/#organization","name":"Proyectos Arquitectura","url":"https:\/\/www.dproyectos.es\/","logo":{"@type":"ImageObject","inLanguage":"en-US","@id":"https:\/\/www.dproyectos.es\/#\/schema\/logo\/image\/","url":"https:\/\/www.dproyectos.es\/wp-content\/uploads\/2023\/02\/DPROYECTOS-ARQUITECTURA-LOGO-BLANCO.png","contentUrl":"https:\/\/www.dproyectos.es\/wp-content\/uploads\/2023\/02\/DPROYECTOS-ARQUITECTURA-LOGO-BLANCO.png","width":156,"height":55,"caption":"Proyectos Arquitectura"},"image":{"@id":"https:\/\/www.dproyectos.es\/#\/schema\/logo\/image\/"}}]}},"_links":{"self":[{"href":"https:\/\/www.dproyectos.es\/en\/wp-json\/wp\/v2\/pages\/4907","targetHints":{"allow":["GET"]}}],"collection":[{"href":"https:\/\/www.dproyectos.es\/en\/wp-json\/wp\/v2\/pages"}],"about":[{"href":"https:\/\/www.dproyectos.es\/en\/wp-json\/wp\/v2\/types\/page"}],"author":[{"embeddable":true,"href":"https:\/\/www.dproyectos.es\/en\/wp-json\/wp\/v2\/users\/1"}],"replies":[{"embeddable":true,"href":"https:\/\/www.dproyectos.es\/en\/wp-json\/wp\/v2\/comments?post=4907"}],"version-history":[{"count":1,"href":"https:\/\/www.dproyectos.es\/en\/wp-json\/wp\/v2\/pages\/4907\/revisions"}],"predecessor-version":[{"id":4908,"href":"https:\/\/www.dproyectos.es\/en\/wp-json\/wp\/v2\/pages\/4907\/revisions\/4908"}],"up":[{"embeddable":true,"href":"https:\/\/www.dproyectos.es\/en\/wp-json\/wp\/v2\/pages\/4889"}],"wp:attachment":[{"href":"https:\/\/www.dproyectos.es\/en\/wp-json\/wp\/v2\/media?parent=4907"}],"curies":[{"name":"wp","href":"https:\/\/api.w.org\/{rel}","templated":true}]}}